{"id":3853,"date":"2018-11-27T09:17:28","date_gmt":"2018-11-27T09:17:28","guid":{"rendered":"https:\/\/pecaric.com\/services\/"},"modified":"2021-02-08T19:19:57","modified_gmt":"2021-02-08T19:19:57","slug":"nasa-vina","status":"publish","type":"page","link":"https:\/\/pecaric.com\/en\/nasa-vina\/","title":{"rendered":"Our wine"},"content":{"rendered":"<div data-elementor-type=\"wp-post\" data-elementor-id=\"3853\" class=\"elementor elementor-3853\" data-elementor-post-type=\"page\">\n\t\t\t\t\t\t<section class=\"elementor-section elementor-top-section elementor-element elementor-element-46a1d1e elementor-section-height-min-height elementor-section-items-bottom elementor-section-boxed elementor-section-height-default\" data-id=\"46a1d1e\" data-element_type=\"section\">\n\t\t\t\t\t\t\t<div class=\"elementor-background-overlay\"><\/div>\n\t\t\t\t\t\t\t<div class=\"elementor-container elementor-column-gap-default\">\n\t\t\t\t\t<div class=\"elementor-column elementor-col-100 elementor-top-column elementor-element elementor-element-7ee558c\" data-id=\"7ee558c\" data-element_type=\"column\" data-settings=\"{&quot;background_background&quot;:&quot;classic&quot;}\">\n\t\t\t<div class=\"elementor-widget-wrap elementor-element-populated\">\n\t\t\t\t\t\t<div class=\"elementor-element elementor-element-e2cd4db elementor--v-position-middle elementor-widget elementor-widget-slides\" data-id=\"e2cd4db\" data-element_type=\"widget\" data-settings=\"{&quot;navigation&quot;:&quot;none&quot;,&quot;autoplay&quot;:&quot;yes&quot;,&quot;pause_on_hover&quot;:&quot;yes&quot;,&quot;pause_on_interaction&quot;:&quot;yes&quot;,&quot;autoplay_speed&quot;:5000,&quot;infinite&quot;:&quot;yes&quot;,&quot;transition&quot;:&quot;slide&quot;,&quot;transition_speed&quot;:500}\" data-widget_type=\"slides.default\">\n\t\t\t\t<div class=\"elementor-widget-container\">\n\t\t\t\t\t<div class=\"elementor-swiper\">\n\t\t\t<div class=\"elementor-slides-wrapper elementor-main-swiper swiper\" dir=\"ltr\" data-animation=\"fadeInUp\">\n\t\t\t\t<div class=\"swiper-wrapper elementor-slides\">\n\t\t\t\t\t\t\t\t\t\t<div class=\"elementor-repeater-item-f80b78c swiper-slide\"><div class=\"swiper-slide-bg elementor-ken-burns elementor-ken-burns--in\" role=\"img\"><\/div><div class=\"elementor-background-overlay\"><\/div><div class=\"swiper-slide-inner\" ><div class=\"swiper-slide-contents\"><div class=\"elementor-slide-heading\">OUR WINES<\/div><\/div><\/div><\/div><div class=\"elementor-repeater-item-73c2721 swiper-slide\"><div class=\"swiper-slide-bg elementor-ken-burns elementor-ken-burns--in\" role=\"img\"><\/div><div class=\"elementor-background-overlay\"><\/div><div class=\"swiper-slide-inner\" ><div class=\"swiper-slide-contents\"><div class=\"elementor-slide-heading\">OUR WINES<\/div><\/div><\/div><\/div><div class=\"elementor-repeater-item-ecc2194 swiper-slide\"><div class=\"swiper-slide-bg elementor-ken-burns elementor-ken-burns--in\" role=\"img\"><\/div><div class=\"elementor-background-overlay\"><\/div><div class=\"swiper-slide-inner\" ><div class=\"swiper-slide-contents\"><div class=\"elementor-slide-heading\">OUR WINES<\/div><\/div><\/div><\/div>\t\t\t\t<\/div>\n\t\t\t\t\t\t\t\t\t\t\t\t\t\t\t\t\t\t\t\t\t<\/div>\n\t\t<\/div>\n\t\t\t\t<\/div>\n\t\t\t\t<\/div>\n\t\t\t\t<div class=\"elementor-element elementor-element-ca33a8a elementor-widget elementor-widget-image\" data-id=\"ca33a8a\" data-element_type=\"widget\" data-widget_type=\"image.default\">\n\t\t\t\t<div class=\"elementor-widget-container\">\n\t\t\t\t\t\t\t\t\t\t\t\t\t<img fetchpriority=\"high\" decoding=\"async\" width=\"768\" height=\"991\" src=\"https:\/\/pecaric.com\/wp-content\/uploads\/2020\/12\/vse_tri-01.png\" class=\"attachment-large size-large wp-image-4079\" alt=\"\" srcset=\"https:\/\/pecaric.com\/wp-content\/uploads\/2020\/12\/vse_tri-01.png 768w, https:\/\/pecaric.com\/wp-content\/uploads\/2020\/12\/vse_tri-01-232x300.png 232w, https:\/\/pecaric.com\/wp-content\/uploads\/2020\/12\/vse_tri-01-9x12.png 9w, https:\/\/pecaric.com\/wp-content\/uploads\/2020\/12\/vse_tri-01-600x774.png 600w\" sizes=\"(max-width: 768px) 100vw, 768px\" \/>\t\t\t\t\t\t\t\t\t\t\t\t\t<\/div>\n\t\t\t\t<\/div>\n\t\t\t\t\t<\/div>\n\t\t<\/div>\n\t\t\t\t\t<\/div>\n\t\t<\/section>\n\t\t\t\t<section class=\"elementor-section elementor-top-section elementor-element elementor-element-f8e9df8 elementor-section-boxed elementor-section-height-default elementor-section-height-default\" data-id=\"f8e9df8\" data-element_type=\"section\">\n\t\t\t\t\t\t\t<div class=\"elementor-background-overlay\"><\/div>\n\t\t\t\t\t\t\t<div class=\"elementor-container elementor-column-gap-default\">\n\t\t\t\t\t<div class=\"elementor-column elementor-col-100 elementor-top-column elementor-element elementor-element-26ac5ea\" data-id=\"26ac5ea\" data-element_type=\"column\">\n\t\t\t<div class=\"elementor-widget-wrap elementor-element-populated\">\n\t\t\t\t\t\t<section class=\"elementor-section elementor-inner-section elementor-element elementor-element-879b50b elementor-section-boxed elementor-section-height-default elementor-section-height-default\" data-id=\"879b50b\" data-element_type=\"section\">\n\t\t\t\t\t\t<div class=\"elementor-container elementor-column-gap-default\">\n\t\t\t\t\t<div class=\"elementor-column elementor-col-100 elementor-inner-column elementor-element elementor-element-435547c\" data-id=\"435547c\" data-element_type=\"column\">\n\t\t\t<div class=\"elementor-widget-wrap\">\n\t\t\t\t\t\t\t<\/div>\n\t\t<\/div>\n\t\t\t\t\t<\/div>\n\t\t<\/section>\n\t\t\t\t\t<\/div>\n\t\t<\/div>\n\t\t\t\t\t<\/div>\n\t\t<\/section>\n\t\t\t\t<section class=\"elementor-section elementor-top-section elementor-element elementor-element-ff2f3cd elementor-section-boxed elementor-section-height-default elementor-section-height-default\" data-id=\"ff2f3cd\" data-element_type=\"section\">\n\t\t\t\t\t\t<div class=\"elementor-container elementor-column-gap-default\">\n\t\t\t\t\t<div class=\"elementor-column elementor-col-16 elementor-top-column elementor-element elementor-element-a2cff9f\" data-id=\"a2cff9f\" data-element_type=\"column\" data-settings=\"{&quot;background_background&quot;:&quot;classic&quot;}\">\n\t\t\t<div class=\"elementor-widget-wrap elementor-element-populated\">\n\t\t\t\t\t\t<div class=\"elementor-element elementor-element-6105c67 elementor-widget elementor-widget-heading\" data-id=\"6105c67\" data-element_type=\"widget\" data-widget_type=\"heading.default\">\n\t\t\t\t<div class=\"elementor-widget-container\">\n\t\t\t<h3 class=\"elementor-heading-title elementor-size-default\"><b>WHITE WINE<\/b><\/h3>\t\t<\/div>\n\t\t\t\t<\/div>\n\t\t\t\t<div class=\"elementor-element elementor-element-5057c72 elementor-widget elementor-widget-image\" data-id=\"5057c72\" data-element_type=\"widget\" data-widget_type=\"image.default\">\n\t\t\t\t<div class=\"elementor-widget-container\">\n\t\t\t\t\t\t\t\t\t\t\t\t\t<img decoding=\"async\" width=\"1024\" height=\"1024\" src=\"https:\/\/pecaric.com\/wp-content\/uploads\/2020\/12\/pecaric_belokranjec-1024x1024.jpg\" class=\"attachment-large size-large wp-image-3935\" alt=\"\" srcset=\"https:\/\/pecaric.com\/wp-content\/uploads\/2020\/12\/pecaric_belokranjec-1024x1024.jpg 1024w, https:\/\/pecaric.com\/wp-content\/uploads\/2020\/12\/pecaric_belokranjec-300x300.jpg 300w, https:\/\/pecaric.com\/wp-content\/uploads\/2020\/12\/pecaric_belokranjec-150x150.jpg 150w, https:\/\/pecaric.com\/wp-content\/uploads\/2020\/12\/pecaric_belokranjec-768x768.jpg 768w, https:\/\/pecaric.com\/wp-content\/uploads\/2020\/12\/pecaric_belokranjec-12x12.jpg 12w, https:\/\/pecaric.com\/wp-content\/uploads\/2020\/12\/pecaric_belokranjec-600x600.jpg 600w, https:\/\/pecaric.com\/wp-content\/uploads\/2020\/12\/pecaric_belokranjec-100x100.jpg 100w, https:\/\/pecaric.com\/wp-content\/uploads\/2020\/12\/pecaric_belokranjec.jpg 1085w\" sizes=\"(max-width: 1024px) 100vw, 1024px\" \/>\t\t\t\t\t\t\t\t\t\t\t\t\t<\/div>\n\t\t\t\t<\/div>\n\t\t\t\t<div class=\"elementor-element elementor-element-a44a6d2 elementor-align-center elementor-widget elementor-widget-button\" data-id=\"a44a6d2\" data-element_type=\"widget\" data-widget_type=\"button.default\">\n\t\t\t\t<div class=\"elementor-widget-container\">\n\t\t\t\t\t<div class=\"elementor-button-wrapper\">\n\t\t\t<a class=\"elementor-button elementor-button-link elementor-size-sm\" href=\"https:\/\/pecaric.com\/en\/bela-vina\/\">\n\t\t\t\t\t\t<span class=\"elementor-button-content-wrapper\">\n\t\t\t\t\t\t\t\t\t<span class=\"elementor-button-text\">MORE<\/span>\n\t\t\t\t\t<\/span>\n\t\t\t\t\t<\/a>\n\t\t<\/div>\n\t\t\t\t<\/div>\n\t\t\t\t<\/div>\n\t\t\t\t\t<\/div>\n\t\t<\/div>\n\t\t\t\t<div class=\"elementor-column elementor-col-16 elementor-top-column elementor-element elementor-element-a5083aa\" data-id=\"a5083aa\" data-element_type=\"column\" data-settings=\"{&quot;background_background&quot;:&quot;classic&quot;}\">\n\t\t\t<div class=\"elementor-widget-wrap elementor-element-populated\">\n\t\t\t\t\t\t<div class=\"elementor-element elementor-element-058ece0 elementor-widget elementor-widget-heading\" data-id=\"058ece0\" data-element_type=\"widget\" data-widget_type=\"heading.default\">\n\t\t\t\t<div class=\"elementor-widget-container\">\n\t\t\t<h3 class=\"elementor-heading-title elementor-size-default\"><b>RED WINE<\/b><\/h3>\t\t<\/div>\n\t\t\t\t<\/div>\n\t\t\t\t<div class=\"elementor-element elementor-element-c42234c elementor-widget elementor-widget-image\" data-id=\"c42234c\" data-element_type=\"widget\" data-widget_type=\"image.default\">\n\t\t\t\t<div class=\"elementor-widget-container\">\n\t\t\t\t\t\t\t\t\t\t\t\t\t<img decoding=\"async\" width=\"1024\" height=\"1024\" src=\"https:\/\/pecaric.com\/wp-content\/uploads\/2021\/01\/metliska-crnina-1024x1024.jpg\" class=\"attachment-large size-large wp-image-4734\" alt=\"\" srcset=\"https:\/\/pecaric.com\/wp-content\/uploads\/2021\/01\/metliska-crnina-1024x1024.jpg 1024w, https:\/\/pecaric.com\/wp-content\/uploads\/2021\/01\/metliska-crnina-300x300.jpg 300w, https:\/\/pecaric.com\/wp-content\/uploads\/2021\/01\/metliska-crnina-150x150.jpg 150w, https:\/\/pecaric.com\/wp-content\/uploads\/2021\/01\/metliska-crnina-768x768.jpg 768w, https:\/\/pecaric.com\/wp-content\/uploads\/2021\/01\/metliska-crnina-12x12.jpg 12w, https:\/\/pecaric.com\/wp-content\/uploads\/2021\/01\/metliska-crnina-600x600.jpg 600w, https:\/\/pecaric.com\/wp-content\/uploads\/2021\/01\/metliska-crnina-100x100.jpg 100w, https:\/\/pecaric.com\/wp-content\/uploads\/2021\/01\/metliska-crnina.jpg 1085w\" sizes=\"(max-width: 1024px) 100vw, 1024px\" \/>\t\t\t\t\t\t\t\t\t\t\t\t\t<\/div>\n\t\t\t\t<\/div>\n\t\t\t\t<div class=\"elementor-element elementor-element-f8d39c7 elementor-align-center elementor-widget elementor-widget-button\" data-id=\"f8d39c7\" data-element_type=\"widget\" data-widget_type=\"button.default\">\n\t\t\t\t<div class=\"elementor-widget-container\">\n\t\t\t\t\t<div class=\"elementor-button-wrapper\">\n\t\t\t<a class=\"elementor-button elementor-button-link elementor-size-sm\" href=\"https:\/\/pecaric.com\/en\/rdeca-vina\/\">\n\t\t\t\t\t\t<span class=\"elementor-button-content-wrapper\">\n\t\t\t\t\t\t\t\t\t<span class=\"elementor-button-text\">MORE<\/span>\n\t\t\t\t\t<\/span>\n\t\t\t\t\t<\/a>\n\t\t<\/div>\n\t\t\t\t<\/div>\n\t\t\t\t<\/div>\n\t\t\t\t\t<\/div>\n\t\t<\/div>\n\t\t\t\t<div class=\"elementor-column elementor-col-16 elementor-top-column elementor-element elementor-element-14b46c5\" data-id=\"14b46c5\" data-element_type=\"column\" data-settings=\"{&quot;background_background&quot;:&quot;classic&quot;}\">\n\t\t\t<div class=\"elementor-widget-wrap elementor-element-populated\">\n\t\t\t\t\t\t<div class=\"elementor-element elementor-element-cc0b924 elementor-widget elementor-widget-heading\" data-id=\"cc0b924\" data-element_type=\"widget\" data-widget_type=\"heading.default\">\n\t\t\t\t<div class=\"elementor-widget-container\">\n\t\t\t<h3 class=\"elementor-heading-title elementor-size-default\"><b>SPARKLING WINE<\/b><\/h3>\t\t<\/div>\n\t\t\t\t<\/div>\n\t\t\t\t<div class=\"elementor-element elementor-element-2d3eb1e elementor-widget elementor-widget-image\" data-id=\"2d3eb1e\" data-element_type=\"widget\" data-widget_type=\"image.default\">\n\t\t\t\t<div class=\"elementor-widget-container\">\n\t\t\t\t\t\t\t\t\t\t\t\t\t<img loading=\"lazy\" decoding=\"async\" width=\"1024\" height=\"1024\" src=\"https:\/\/pecaric.com\/wp-content\/uploads\/2021\/01\/rosalija_rose-1-1024x1024.jpg\" class=\"attachment-large size-large wp-image-4735\" alt=\"\" srcset=\"https:\/\/pecaric.com\/wp-content\/uploads\/2021\/01\/rosalija_rose-1-1024x1024.jpg 1024w, https:\/\/pecaric.com\/wp-content\/uploads\/2021\/01\/rosalija_rose-1-300x300.jpg 300w, https:\/\/pecaric.com\/wp-content\/uploads\/2021\/01\/rosalija_rose-1-150x150.jpg 150w, https:\/\/pecaric.com\/wp-content\/uploads\/2021\/01\/rosalija_rose-1-768x768.jpg 768w, https:\/\/pecaric.com\/wp-content\/uploads\/2021\/01\/rosalija_rose-1-12x12.jpg 12w, https:\/\/pecaric.com\/wp-content\/uploads\/2021\/01\/rosalija_rose-1-600x600.jpg 600w, https:\/\/pecaric.com\/wp-content\/uploads\/2021\/01\/rosalija_rose-1-100x100.jpg 100w, https:\/\/pecaric.com\/wp-content\/uploads\/2021\/01\/rosalija_rose-1.jpg 1085w\" sizes=\"(max-width: 1024px) 100vw, 1024px\" \/>\t\t\t\t\t\t\t\t\t\t\t\t\t<\/div>\n\t\t\t\t<\/div>\n\t\t\t\t<div class=\"elementor-element elementor-element-c4fc7c4 elementor-align-center elementor-widget elementor-widget-button\" data-id=\"c4fc7c4\" data-element_type=\"widget\" data-widget_type=\"button.default\">\n\t\t\t\t<div class=\"elementor-widget-container\">\n\t\t\t\t\t<div class=\"elementor-button-wrapper\">\n\t\t\t<a class=\"elementor-button elementor-button-link elementor-size-sm\" href=\"https:\/\/pecaric.com\/en\/peneca-vina\/\">\n\t\t\t\t\t\t<span class=\"elementor-button-content-wrapper\">\n\t\t\t\t\t\t\t\t\t<span class=\"elementor-button-text\">MORE<\/span>\n\t\t\t\t\t<\/span>\n\t\t\t\t\t<\/a>\n\t\t<\/div>\n\t\t\t\t<\/div>\n\t\t\t\t<\/div>\n\t\t\t\t\t<\/div>\n\t\t<\/div>\n\t\t\t\t<div class=\"elementor-column elementor-col-16 elementor-top-column elementor-element elementor-element-f86fa62\" data-id=\"f86fa62\" data-element_type=\"column\" data-settings=\"{&quot;background_background&quot;:&quot;classic&quot;}\">\n\t\t\t<div class=\"elementor-widget-wrap elementor-element-populated\">\n\t\t\t\t\t\t<div class=\"elementor-element elementor-element-a60d873 elementor-widget elementor-widget-heading\" data-id=\"a60d873\" data-element_type=\"widget\" data-widget_type=\"heading.default\">\n\t\t\t\t<div class=\"elementor-widget-container\">\n\t\t\t<h3 class=\"elementor-heading-title elementor-size-default\"><b>DESERT WINE<\/b><\/h3>\t\t<\/div>\n\t\t\t\t<\/div>\n\t\t\t\t<div class=\"elementor-element elementor-element-cac9212 elementor-widget elementor-widget-image\" data-id=\"cac9212\" data-element_type=\"widget\" data-widget_type=\"image.default\">\n\t\t\t\t<div class=\"elementor-widget-container\">\n\t\t\t\t\t\t\t\t\t\t\t\t\t<img loading=\"lazy\" decoding=\"async\" width=\"1024\" height=\"1024\" src=\"https:\/\/pecaric.com\/wp-content\/uploads\/2021\/01\/ledena_trgatev-1024x1024.png\" class=\"attachment-large size-large wp-image-4494\" alt=\"\" srcset=\"https:\/\/pecaric.com\/wp-content\/uploads\/2021\/01\/ledena_trgatev-1024x1024.png 1024w, https:\/\/pecaric.com\/wp-content\/uploads\/2021\/01\/ledena_trgatev-300x300.png 300w, https:\/\/pecaric.com\/wp-content\/uploads\/2021\/01\/ledena_trgatev-150x150.png 150w, https:\/\/pecaric.com\/wp-content\/uploads\/2021\/01\/ledena_trgatev-768x768.png 768w, https:\/\/pecaric.com\/wp-content\/uploads\/2021\/01\/ledena_trgatev-12x12.png 12w, https:\/\/pecaric.com\/wp-content\/uploads\/2021\/01\/ledena_trgatev-600x600.png 600w, https:\/\/pecaric.com\/wp-content\/uploads\/2021\/01\/ledena_trgatev-100x100.png 100w, https:\/\/pecaric.com\/wp-content\/uploads\/2021\/01\/ledena_trgatev.png 1085w\" sizes=\"(max-width: 1024px) 100vw, 1024px\" \/>\t\t\t\t\t\t\t\t\t\t\t\t\t<\/div>\n\t\t\t\t<\/div>\n\t\t\t\t<div class=\"elementor-element elementor-element-ccd38b4 elementor-align-center elementor-widget elementor-widget-button\" data-id=\"ccd38b4\" data-element_type=\"widget\" data-widget_type=\"button.default\">\n\t\t\t\t<div class=\"elementor-widget-container\">\n\t\t\t\t\t<div class=\"elementor-button-wrapper\">\n\t\t\t<a class=\"elementor-button elementor-button-link elementor-size-sm\" href=\"https:\/\/pecaric.com\/en\/slajsa-vina\/\">\n\t\t\t\t\t\t<span class=\"elementor-button-content-wrapper\">\n\t\t\t\t\t\t\t\t\t<span class=\"elementor-button-text\">MORE<\/span>\n\t\t\t\t\t<\/span>\n\t\t\t\t\t<\/a>\n\t\t<\/div>\n\t\t\t\t<\/div>\n\t\t\t\t<\/div>\n\t\t\t\t\t<\/div>\n\t\t<\/div>\n\t\t\t\t<div class=\"elementor-column elementor-col-16 elementor-top-column elementor-element elementor-element-ef1579d\" data-id=\"ef1579d\" data-element_type=\"column\" data-settings=\"{&quot;background_background&quot;:&quot;classic&quot;}\">\n\t\t\t<div class=\"elementor-widget-wrap elementor-element-populated\">\n\t\t\t\t\t\t<div class=\"elementor-element elementor-element-8fd4955 elementor-widget elementor-widget-heading\" data-id=\"8fd4955\" data-element_type=\"widget\" data-widget_type=\"heading.default\">\n\t\t\t\t<div class=\"elementor-widget-container\">\n\t\t\t<h3 class=\"elementor-heading-title elementor-size-default\"><b>ROSE WINE<\/b><\/h3>\t\t<\/div>\n\t\t\t\t<\/div>\n\t\t\t\t<div class=\"elementor-element elementor-element-3e011ab elementor-widget elementor-widget-image\" data-id=\"3e011ab\" data-element_type=\"widget\" data-widget_type=\"image.default\">\n\t\t\t\t<div class=\"elementor-widget-container\">\n\t\t\t\t\t\t\t\t\t\t\t\t\t<img loading=\"lazy\" decoding=\"async\" width=\"1024\" height=\"1024\" src=\"https:\/\/pecaric.com\/wp-content\/uploads\/2021\/01\/rose-1024x1024.jpg\" class=\"attachment-large size-large wp-image-4736\" alt=\"\" srcset=\"https:\/\/pecaric.com\/wp-content\/uploads\/2021\/01\/rose-1024x1024.jpg 1024w, https:\/\/pecaric.com\/wp-content\/uploads\/2021\/01\/rose-300x300.jpg 300w, https:\/\/pecaric.com\/wp-content\/uploads\/2021\/01\/rose-150x150.jpg 150w, https:\/\/pecaric.com\/wp-content\/uploads\/2021\/01\/rose-768x768.jpg 768w, https:\/\/pecaric.com\/wp-content\/uploads\/2021\/01\/rose-12x12.jpg 12w, https:\/\/pecaric.com\/wp-content\/uploads\/2021\/01\/rose-600x600.jpg 600w, https:\/\/pecaric.com\/wp-content\/uploads\/2021\/01\/rose-100x100.jpg 100w, https:\/\/pecaric.com\/wp-content\/uploads\/2021\/01\/rose.jpg 1085w\" sizes=\"(max-width: 1024px) 100vw, 1024px\" \/>\t\t\t\t\t\t\t\t\t\t\t\t\t<\/div>\n\t\t\t\t<\/div>\n\t\t\t\t<div class=\"elementor-element elementor-element-b0be440 elementor-align-center elementor-widget elementor-widget-button\" data-id=\"b0be440\" data-element_type=\"widget\" data-widget_type=\"button.default\">\n\t\t\t\t<div class=\"elementor-widget-container\">\n\t\t\t\t\t<div class=\"elementor-button-wrapper\">\n\t\t\t<a class=\"elementor-button elementor-button-link elementor-size-sm\" href=\"https:\/\/pecaric.com\/en\/rose-vina\/\">\n\t\t\t\t\t\t<span class=\"elementor-button-content-wrapper\">\n\t\t\t\t\t\t\t\t\t<span class=\"elementor-button-text\">MORE<\/span>\n\t\t\t\t\t<\/span>\n\t\t\t\t\t<\/a>\n\t\t<\/div>\n\t\t\t\t<\/div>\n\t\t\t\t<\/div>\n\t\t\t\t\t<\/div>\n\t\t<\/div>\n\t\t\t\t<div class=\"elementor-column elementor-col-16 elementor-top-column elementor-element elementor-element-0d0f370\" data-id=\"0d0f370\" data-element_type=\"column\" data-settings=\"{&quot;background_background&quot;:&quot;classic&quot;}\">\n\t\t\t<div class=\"elementor-widget-wrap elementor-element-populated\">\n\t\t\t\t\t\t<div class=\"elementor-element elementor-element-0a7b016 elementor-widget elementor-widget-heading\" data-id=\"0a7b016\" data-element_type=\"widget\" data-widget_type=\"heading.default\">\n\t\t\t\t<div class=\"elementor-widget-container\">\n\t\t\t<h3 class=\"elementor-heading-title elementor-size-default\"><b>MACERATED WNE<\/b><\/h3>\t\t<\/div>\n\t\t\t\t<\/div>\n\t\t\t\t<div class=\"elementor-element elementor-element-ca81239 elementor-widget elementor-widget-image\" data-id=\"ca81239\" data-element_type=\"widget\" data-widget_type=\"image.default\">\n\t\t\t\t<div class=\"elementor-widget-container\">\n\t\t\t\t\t\t\t\t\t\t\t\t\t<img loading=\"lazy\" decoding=\"async\" width=\"1024\" height=\"1024\" src=\"https:\/\/pecaric.com\/wp-content\/uploads\/2021\/01\/lutum-1024x1024.png\" class=\"attachment-large size-large wp-image-4496\" alt=\"\" srcset=\"https:\/\/pecaric.com\/wp-content\/uploads\/2021\/01\/lutum-1024x1024.png 1024w, https:\/\/pecaric.com\/wp-content\/uploads\/2021\/01\/lutum-300x300.png 300w, https:\/\/pecaric.com\/wp-content\/uploads\/2021\/01\/lutum-150x150.png 150w, https:\/\/pecaric.com\/wp-content\/uploads\/2021\/01\/lutum-768x768.png 768w, https:\/\/pecaric.com\/wp-content\/uploads\/2021\/01\/lutum-12x12.png 12w, https:\/\/pecaric.com\/wp-content\/uploads\/2021\/01\/lutum-600x600.png 600w, https:\/\/pecaric.com\/wp-content\/uploads\/2021\/01\/lutum-100x100.png 100w, https:\/\/pecaric.com\/wp-content\/uploads\/2021\/01\/lutum.png 1085w\" sizes=\"(max-width: 1024px) 100vw, 1024px\" \/>\t\t\t\t\t\t\t\t\t\t\t\t\t<\/div>\n\t\t\t\t<\/div>\n\t\t\t\t<div class=\"elementor-element elementor-element-a66172c elementor-align-center elementor-widget elementor-widget-button\" data-id=\"a66172c\" data-element_type=\"widget\" data-widget_type=\"button.default\">\n\t\t\t\t<div class=\"elementor-widget-container\">\n\t\t\t\t\t<div class=\"elementor-button-wrapper\">\n\t\t\t<a class=\"elementor-button elementor-button-link elementor-size-sm\" href=\"https:\/\/pecaric.com\/en\/macerirana-vina\/\">\n\t\t\t\t\t\t<span class=\"elementor-button-content-wrapper\">\n\t\t\t\t\t\t\t\t\t<span class=\"elementor-button-text\">MORE<\/span>\n\t\t\t\t\t<\/span>\n\t\t\t\t\t<\/a>\n\t\t<\/div>\n\t\t\t\t<\/div>\n\t\t\t\t<\/div>\n\t\t\t\t\t<\/div>\n\t\t<\/div>\n\t\t\t\t\t<\/div>\n\t\t<\/section>\n\t\t\t\t<section class=\"elementor-section elementor-top-section elementor-element elementor-element-e9e4dad elementor-section-boxed elementor-section-height-default elementor-section-height-default\" data-id=\"e9e4dad\" data-element_type=\"section\">\n\t\t\t\t\t\t<div class=\"elementor-container elementor-column-gap-default\">\n\t\t\t\t\t<div class=\"elementor-column elementor-col-100 elementor-top-column elementor-element elementor-element-e880598\" data-id=\"e880598\" data-element_type=\"column\">\n\t\t\t<div class=\"elementor-widget-wrap\">\n\t\t\t\t\t\t\t<\/div>\n\t\t<\/div>\n\t\t\t\t\t<\/div>\n\t\t<\/section>\n\t\t\t\t<\/div>","protected":false},"excerpt":{"rendered":"<p>NA\u0160A VINANA\u0160A VINANA\u0160A VINA BELA VINA VE\u010c RDE\u010cA VINA VE\u010c PENE\u010cA VINA VE\u010c SLAJ\u0160A VINA VE\u010c ROSE VINA VE\u010c MACERIRANA VINA VE\u010c<\/p>","protected":false},"author":1,"featured_media":0,"parent":0,"menu_order":0,"comment_status":"closed","ping_status":"closed","template":"","meta":{"site-sidebar-layout":"no-sidebar","site-content-layout":"page-builder","ast-site-content-layout":"default","site-content-style":"default","site-sidebar-style":"default","ast-global-header-display":"","ast-banner-title-visibility":"","ast-main-header-display":"","ast-hfb-above-header-display":"","ast-hfb-below-header-display":"","ast-hfb-mobile-header-display":"","site-post-title":"disabled","ast-breadcrumbs-content":"","ast-featured-img":"disabled","footer-sml-layout":"","theme-transparent-header-meta":"enabled","adv-header-id-meta":"","stick-header-meta":"","header-above-stick-meta":"","header-main-stick-meta":"","header-below-stick-meta":"","astra-migrate-meta-layouts":"default","ast-page-background-enabled":"default","ast-page-background-meta":{"desktop":{"background-color":"var(--ast-global-color-4)","background-image":"","background-repeat":"repeat","background-position":"center center","background-size":"auto","background-attachment":"scroll","background-type":"","background-media":"","overlay-type":"","overlay-color":"","overlay-opacity":"","overlay-gradient":""},"tablet":{"background-color":"","background-image":"","background-repeat":"repeat","background-position":"center center","background-size":"auto","background-attachment":"scroll","background-type":"","background-media":"","overlay-type":"","overlay-color":"","overlay-opacity":"","overlay-gradient":""},"mobile":{"background-color":"","background-image":"","background-repeat":"repeat","background-position":"center center","background-size":"auto","background-attachment":"scroll","background-type":"","background-media":"","overlay-type":"","overlay-color":"","overlay-opacity":"","overlay-gradient":""}},"ast-content-background-meta":{"desktop":{"background-color":"var(--ast-global-color-5)","background-image":"","background-repeat":"repeat","background-position":"center center","background-size":"auto","background-attachment":"scroll","background-type":"","background-media":"","overlay-type":"","overlay-color":"","overlay-opacity":"","overlay-gradient":""},"tablet":{"background-color":"var(--ast-global-color-5)","background-image":"","background-repeat":"repeat","background-position":"center center","background-size":"auto","background-attachment":"scroll","background-type":"","background-media":"","overlay-type":"","overlay-color":"","overlay-opacity":"","overlay-gradient":""},"mobile":{"background-color":"var(--ast-global-color-5)","background-image":"","background-repeat":"repeat","background-position":"center center","background-size":"auto","background-attachment":"scroll","background-type":"","background-media":"","overlay-type":"","overlay-color":"","overlay-opacity":"","overlay-gradient":""}},"footnotes":""},"jetpack_sharing_enabled":true,"_links":{"self":[{"href":"https:\/\/pecaric.com\/en\/wp-json\/wp\/v2\/pages\/3853"}],"collection":[{"href":"https:\/\/pecaric.com\/en\/wp-json\/wp\/v2\/pages"}],"about":[{"href":"https:\/\/pecaric.com\/en\/wp-json\/wp\/v2\/types\/page"}],"author":[{"embeddable":true,"href":"https:\/\/pecaric.com\/en\/wp-json\/wp\/v2\/users\/1"}],"replies":[{"embeddable":true,"href":"https:\/\/pecaric.com\/en\/wp-json\/wp\/v2\/comments?post=3853"}],"version-history":[{"count":32,"href":"https:\/\/pecaric.com\/en\/wp-json\/wp\/v2\/pages\/3853\/revisions"}],"predecessor-version":[{"id":4822,"href":"https:\/\/pecaric.com\/en\/wp-json\/wp\/v2\/pages\/3853\/revisions\/4822"}],"wp:attachment":[{"href":"https:\/\/pecaric.com\/en\/wp-json\/wp\/v2\/media?parent=3853"}],"curies":[{"name":"wp","href":"https:\/\/api.w.org\/{rel}","templated":true}]}}